{"id":2977,"date":"2025-10-28T10:00:31","date_gmt":"2025-10-28T10:00:31","guid":{"rendered":"https:\/\/lamasaformentera8222.live-website.com\/aviso-legal\/"},"modified":"2026-01-28T11:46:02","modified_gmt":"2026-01-28T11:46:02","slug":"avviso-legale","status":"publish","type":"page","link":"https:\/\/lamasiaformentera.com\/it\/avviso-legale\/","title":{"rendered":"Avviso Legale"},"content":{"rendered":"\t\t<div data-elementor-type=\"wp-page\" data-elementor-id=\"2977\" class=\"elementor elementor-2977 elementor-1610\" data-elementor-post-type=\"page\">\n\t\t\t\t<div class=\"elementor-element elementor-element-3969956 e-flex e-con-boxed e-con e-parent\" data-id=\"3969956\" data-element_type=\"container\">\n\t\t\t\t\t<div class=\"e-con-inner\">\n\t\t\t\t<div class=\"elementor-element elementor-element-b72ef40 elementor-widget elementor-widget-heading\" data-id=\"b72ef40\" data-element_type=\"widget\" data-widget_type=\"heading.default\">\n\t\t\t\t\t<h1 class=\"elementor-heading-title elementor-size-default\">Avviso Legale<\/h1>\t\t\t\t<\/div>\n\t\t\t\t<div class=\"elementor-element elementor-element-bee2439 elementor-widget elementor-widget-text-editor\" data-id=\"bee2439\" data-element_type=\"widget\" data-widget_type=\"text-editor.default\">\n\t\t\t\t\t\t\t\t\t<section>\n<div class=\"block default-intro-block\">\n<div class=\"container\">\n<div class=\"row\">\n<div class=\"col-md-12\">\n<div class=\"header-icon-top2\">\n<div class=\"description\">\n<p align=\"JUSTIFY\">In ottemperanza a quanto previsto dall\u2019articolo 10 della Legge 34\/2002 dell\u201911 luglio, sui Servizi della Societ\u00e0 dell\u2019Informazione e Commercio Elettronico (LSSI-CE), si informa che <strong data-start=\"289\" data-end=\"318\"><a class=\"decorated-link\" href=\"http:\/\/www.lamasiaformentera.com\" target=\"_new\" rel=\"noopener\" data-start=\"291\" data-end=\"316\">www.lamasiaformentera.com<\/a><\/strong> \u00e8 un dominio di propriet\u00e0 della societ\u00e0 <strong data-start=\"359\" data-end=\"382\">La Masia Formentera<\/strong>, (\u2026), con sede legale in \u2026 e indirizzo email <strong data-start=\"428\" data-end=\"458\"><a class=\"decorated-link cursor-pointer\" rel=\"noopener\" data-start=\"430\" data-end=\"456\">info@lamasiaformentera.com<\/a><\/strong>.<br data-start=\"459\" data-end=\"462\" \/>Iscritta al Registro delle Imprese di \u2026<\/p>\n<h3 data-start=\"510\" data-end=\"542\"><strong data-start=\"510\" data-end=\"540\">Protezione dei dati (LOPD)<\/strong><\/h3>\n<p data-start=\"544\" data-end=\"844\"><strong data-start=\"544\" data-end=\"573\">1. Politica sulla privacy<\/strong><br data-start=\"573\" data-end=\"576\" \/>La Masia Formentera informa gli utenti del sito web sulla propria politica riguardo al trattamento e alla protezione dei dati personali degli utenti e dei clienti che possono essere raccolti tramite la navigazione o la prenotazione di servizi attraverso il sito web.<\/p>\n<p data-start=\"846\" data-end=\"1166\">In tal senso, La Masia Formentera garantisce il rispetto della normativa vigente in materia di protezione dei dati personali, come previsto dalla Legge Organica 15\/1999 del 13 dicembre sulla Protezione dei Dati Personali e dal Decreto Reale 1720\/2007 del 21 dicembre, che approva il Regolamento di Sviluppo della LOPD.<\/p>\n<p data-start=\"1168\" data-end=\"1252\">L\u2019uso di questo sito implica l\u2019accettazione della presente politica sulla privacy.<\/p>\n<hr data-start=\"1254\" data-end=\"1257\" \/>\n<p data-start=\"1259\" data-end=\"1639\"><strong data-start=\"1259\" data-end=\"1307\">2. Raccolta, finalit\u00e0 e trattamento dei dati<\/strong><br data-start=\"1307\" data-end=\"1310\" \/>La Masia Formentera ha il dovere di informare gli utenti del proprio sito web sulla raccolta di dati personali che pu\u00f2 avvenire, sia tramite l\u2019invio di email, sia tramite la compilazione dei moduli presenti sul sito. In tal senso, La Masia Formentera sar\u00e0 considerata responsabile dei dati raccolti con i mezzi sopra descritti.<\/p>\n<p data-start=\"1641\" data-end=\"1935\">La Masia Formentera informa inoltre gli utenti che le finalit\u00e0 del trattamento dei dati raccolti comprendono: la gestione delle richieste effettuate dagli utenti, l\u2019inserimento nell\u2019agenda dei contatti, la fornitura di servizi, la gestione del rapporto commerciale e altre finalit\u00e0 correlate.<\/p>\n<p data-start=\"1937\" data-end=\"2190\">Le operazioni, le procedure e i processi tecnici effettuati in modalit\u00e0 automatica o manuale che permettono la raccolta, la conservazione, la modifica, il trasferimento e altre azioni sui dati personali sono considerati trattamento dei dati personali.<\/p>\n<p data-start=\"2192\" data-end=\"2436\">Tutti i dati personali raccolti tramite il sito web di La Masia Formentera, e quindi considerati trattamento di dati personali, saranno inclusi in un file dichiarato presso l\u2019Agenzia Spagnola per la Protezione dei Dati da La Masia Formentera.<\/p>\n<hr data-start=\"2438\" data-end=\"2441\" \/>\n<p data-start=\"2443\" data-end=\"2902\"><strong data-start=\"2443\" data-end=\"2487\">3. Comunicazione di informazioni a terzi<\/strong><br data-start=\"2487\" data-end=\"2490\" \/>La Masia Formentera informa gli utenti che i loro dati personali non saranno ceduti a organizzazioni terze, salvo che tale cessione sia supportata da un obbligo legale o quando la fornitura di un servizio richieda un rapporto contrattuale con un responsabile del trattamento. In quest\u2019ultimo caso, la cessione dei dati a terzi avverr\u00e0 solo se La Masia Formentera avr\u00e0 ottenuto il consenso espresso dell\u2019utente.<\/p>\n<hr data-start=\"2904\" data-end=\"2907\" \/>\n<p data-start=\"2909\" data-end=\"3144\"><strong data-start=\"2909\" data-end=\"2936\">4. Diritti degli utenti<\/strong><br data-start=\"2936\" data-end=\"2939\" \/>La Legge Organica 15\/1999 del 13 dicembre sulla Protezione dei Dati Personali concede agli interessati la possibilit\u00e0 di esercitare una serie di diritti relativi al trattamento dei propri dati personali.<\/p>\n<p data-start=\"3146\" data-end=\"3419\">Finch\u00e9 i dati dell\u2019utente sono oggetto di trattamento da parte di La Masia Formentera, gli utenti potranno esercitare i diritti di accesso, rettifica, cancellazione e opposizione secondo quanto previsto dalla normativa vigente in materia di protezione dei dati personali.<\/p>\n<p data-start=\"3421\" data-end=\"3776\">Per esercitare tali diritti, l\u2019utente dovr\u00e0 inviare una richiesta scritta, fornendo documentazione che ne attesti l\u2019identit\u00e0 (carta d\u2019identit\u00e0 o passaporto), al seguente indirizzo: <strong data-start=\"3602\" data-end=\"3628\">La Masia Formentera, \u2026<\/strong>. La comunicazione dovr\u00e0 riportare le seguenti informazioni: nome e cognome dell\u2019utente, richiesta da effettuare, indirizzo e dati identificativi.<\/p>\n<p data-start=\"3778\" data-end=\"4054\">L\u2019esercizio dei diritti deve essere effettuato direttamente dall\u2019utente. Tuttavia, pu\u00f2 essere eseguito anche da una persona autorizzata come rappresentante legale dell\u2019utente. In tal caso, dovr\u00e0 essere fornita documentazione che attesti tale rappresentanza dell\u2019interessato.<\/p>\n<\/div>\n<\/div>\n<\/div>\n<\/div>\n<\/div>\n<\/div>\n<\/section>\t\t\t\t\t\t\t\t<\/div>\n\t\t\t\t\t<\/div>\n\t\t\t\t<\/div>\n\t\t\t\t<\/div>\n\t\t","protected":false},"excerpt":{"rendered":"<p>Avviso Legale In ottemperanza a quanto previsto dall\u2019articolo 10 della Legge 34\/2002 dell\u201911 luglio, sui Servizi della Societ\u00e0 dell\u2019Informazione e Commercio Elettronico (LSSI-CE), si informa che www.lamasiaformentera.com \u00e8 un dominio di propriet\u00e0 della societ\u00e0 La Masia Formentera, (\u2026), con sede legale in \u2026 e indirizzo email info@lamasiaformentera.com.Iscritta al Registro delle Imprese di \u2026 Protezione dei [&hellip;]<\/p>\n","protected":false},"author":1,"featured_media":0,"parent":0,"menu_order":0,"comment_status":"closed","ping_status":"closed","template":"elementor_header_footer","meta":{"footnotes":""},"class_list":["post-2977","page","type-page","status-publish","hentry"],"yoast_head":"<!-- This site is optimized with the Yoast SEO plugin v26.9 - https:\/\/yoast.com\/product\/yoast-seo-wordpress\/ -->\n<title>Avviso Legale - La Mas\u00eda Formentera<\/title>\n<meta name=\"robots\" content=\"index, follow, max-snippet:-1, max-image-preview:large, max-video-preview:-1\" \/>\n<link rel=\"canonical\" href=\"https:\/\/lamasiaformentera.com\/aviso-legal\/\" \/>\n<meta property=\"og:locale\" content=\"it_IT\" \/>\n<meta property=\"og:type\" content=\"article\" \/>\n<meta property=\"og:title\" content=\"Avviso Legale - La Mas\u00eda Formentera\" \/>\n<meta property=\"og:description\" content=\"Avviso Legale In ottemperanza a quanto previsto dall\u2019articolo 10 della Legge 34\/2002 dell\u201911 luglio, sui Servizi della Societ\u00e0 dell\u2019Informazione e Commercio Elettronico (LSSI-CE), si informa che www.lamasiaformentera.com \u00e8 un dominio di propriet\u00e0 della societ\u00e0 La Masia Formentera, (\u2026), con sede legale in \u2026 e indirizzo email info@lamasiaformentera.com.Iscritta al Registro delle Imprese di \u2026 Protezione dei [&hellip;]\" \/>\n<meta property=\"og:url\" content=\"https:\/\/lamasiaformentera.com\/aviso-legal\/\" \/>\n<meta property=\"og:site_name\" content=\"La Mas\u00eda Formentera\" \/>\n<meta property=\"article:modified_time\" content=\"2026-01-28T11:46:02+00:00\" \/>\n<meta name=\"twitter:card\" content=\"summary_large_image\" \/>\n<meta name=\"twitter:label1\" content=\"Tempo di lettura stimato\" \/>\n\t<meta name=\"twitter:data1\" content=\"3 minuti\" \/>\n<script type=\"application\/ld+json\" class=\"yoast-schema-graph\">{\"@context\":\"https:\/\/schema.org\",\"@graph\":[{\"@type\":\"WebPage\",\"@id\":\"https:\/\/lamasiaformentera.com\/aviso-legal\/\",\"url\":\"https:\/\/lamasiaformentera.com\/aviso-legal\/\",\"name\":\"Avviso Legale - La Mas\u00eda Formentera\",\"isPartOf\":{\"@id\":\"https:\/\/lamasiaformentera.com\/#website\"},\"datePublished\":\"2025-10-28T10:00:31+00:00\",\"dateModified\":\"2026-01-28T11:46:02+00:00\",\"breadcrumb\":{\"@id\":\"https:\/\/lamasiaformentera.com\/aviso-legal\/#breadcrumb\"},\"inLanguage\":\"it-IT\",\"potentialAction\":[{\"@type\":\"ReadAction\",\"target\":[\"https:\/\/lamasiaformentera.com\/aviso-legal\/\"]}]},{\"@type\":\"BreadcrumbList\",\"@id\":\"https:\/\/lamasiaformentera.com\/aviso-legal\/#breadcrumb\",\"itemListElement\":[{\"@type\":\"ListItem\",\"position\":1,\"name\":\"Portada\",\"item\":\"https:\/\/lamasiaformentera.com\/it\/\"},{\"@type\":\"ListItem\",\"position\":2,\"name\":\"Avviso Legale\"}]},{\"@type\":\"WebSite\",\"@id\":\"https:\/\/lamasiaformentera.com\/#website\",\"url\":\"https:\/\/lamasiaformentera.com\/\",\"name\":\"La Mas\u00eda Formentera\",\"description\":\"\",\"potentialAction\":[{\"@type\":\"SearchAction\",\"target\":{\"@type\":\"EntryPoint\",\"urlTemplate\":\"https:\/\/lamasiaformentera.com\/?s={search_term_string}\"},\"query-input\":{\"@type\":\"PropertyValueSpecification\",\"valueRequired\":true,\"valueName\":\"search_term_string\"}}],\"inLanguage\":\"it-IT\"}]}<\/script>\n<!-- \/ Yoast SEO plugin. -->","yoast_head_json":{"title":"Avviso Legale - La Mas\u00eda Formentera","robots":{"index":"index","follow":"follow","max-snippet":"max-snippet:-1","max-image-preview":"max-image-preview:large","max-video-preview":"max-video-preview:-1"},"canonical":"https:\/\/lamasiaformentera.com\/aviso-legal\/","og_locale":"it_IT","og_type":"article","og_title":"Avviso Legale - La Mas\u00eda Formentera","og_description":"Avviso Legale In ottemperanza a quanto previsto dall\u2019articolo 10 della Legge 34\/2002 dell\u201911 luglio, sui Servizi della Societ\u00e0 dell\u2019Informazione e Commercio Elettronico (LSSI-CE), si informa che www.lamasiaformentera.com \u00e8 un dominio di propriet\u00e0 della societ\u00e0 La Masia Formentera, (\u2026), con sede legale in \u2026 e indirizzo email info@lamasiaformentera.com.Iscritta al Registro delle Imprese di \u2026 Protezione dei [&hellip;]","og_url":"https:\/\/lamasiaformentera.com\/aviso-legal\/","og_site_name":"La Mas\u00eda Formentera","article_modified_time":"2026-01-28T11:46:02+00:00","twitter_card":"summary_large_image","twitter_misc":{"Tempo di lettura stimato":"3 minuti"},"schema":{"@context":"https:\/\/schema.org","@graph":[{"@type":"WebPage","@id":"https:\/\/lamasiaformentera.com\/aviso-legal\/","url":"https:\/\/lamasiaformentera.com\/aviso-legal\/","name":"Avviso Legale - La Mas\u00eda Formentera","isPartOf":{"@id":"https:\/\/lamasiaformentera.com\/#website"},"datePublished":"2025-10-28T10:00:31+00:00","dateModified":"2026-01-28T11:46:02+00:00","breadcrumb":{"@id":"https:\/\/lamasiaformentera.com\/aviso-legal\/#breadcrumb"},"inLanguage":"it-IT","potentialAction":[{"@type":"ReadAction","target":["https:\/\/lamasiaformentera.com\/aviso-legal\/"]}]},{"@type":"BreadcrumbList","@id":"https:\/\/lamasiaformentera.com\/aviso-legal\/#breadcrumb","itemListElement":[{"@type":"ListItem","position":1,"name":"Portada","item":"https:\/\/lamasiaformentera.com\/it\/"},{"@type":"ListItem","position":2,"name":"Avviso Legale"}]},{"@type":"WebSite","@id":"https:\/\/lamasiaformentera.com\/#website","url":"https:\/\/lamasiaformentera.com\/","name":"La Mas\u00eda Formentera","description":"","potentialAction":[{"@type":"SearchAction","target":{"@type":"EntryPoint","urlTemplate":"https:\/\/lamasiaformentera.com\/?s={search_term_string}"},"query-input":{"@type":"PropertyValueSpecification","valueRequired":true,"valueName":"search_term_string"}}],"inLanguage":"it-IT"}]}},"_links":{"self":[{"href":"https:\/\/lamasiaformentera.com\/it\/wp-json\/wp\/v2\/pages\/2977","targetHints":{"allow":["GET"]}}],"collection":[{"href":"https:\/\/lamasiaformentera.com\/it\/wp-json\/wp\/v2\/pages"}],"about":[{"href":"https:\/\/lamasiaformentera.com\/it\/wp-json\/wp\/v2\/types\/page"}],"author":[{"embeddable":true,"href":"https:\/\/lamasiaformentera.com\/it\/wp-json\/wp\/v2\/users\/1"}],"replies":[{"embeddable":true,"href":"https:\/\/lamasiaformentera.com\/it\/wp-json\/wp\/v2\/comments?post=2977"}],"version-history":[{"count":4,"href":"https:\/\/lamasiaformentera.com\/it\/wp-json\/wp\/v2\/pages\/2977\/revisions"}],"predecessor-version":[{"id":2981,"href":"https:\/\/lamasiaformentera.com\/it\/wp-json\/wp\/v2\/pages\/2977\/revisions\/2981"}],"wp:attachment":[{"href":"https:\/\/lamasiaformentera.com\/it\/wp-json\/wp\/v2\/media?parent=2977"}],"curies":[{"name":"wp","href":"https:\/\/api.w.org\/{rel}","templated":true}]}}